{"id":2,"date":"2021-02-06T09:35:27","date_gmt":"2021-02-06T09:35:27","guid":{"rendered":"https:\/\/ronvoodoo.es\/?page_id=2"},"modified":"2021-02-23T12:36:48","modified_gmt":"2021-02-23T12:36:48","slug":"sample-page","status":"publish","type":"page","link":"https:\/\/ronvoodoo.es\/","title":{"rendered":""},"content":{"rendered":"\n<p><strong>Ron Voodoo <\/strong>nombre de la banda, que adem\u00e1s da t\u00edtulo a su primer trabajo, un primer E.P. de la banda con cinco composiciones impecables en cuanto a un sonido con sello propio y a producci\u00f3n se refiere. Algo comprensible, ya que tres de sus componentes tienen a sus espaldas un bagaje importante en el hard rock de la historia del rock canario, como componentes de \u201cKrull\u201d. Y si a esto la a\u00f1adimos, la juventud y la calidad musical de los otros dos componentes que se suman, nos queda un coctel digno de ser escuchado con calma y reposo, saboreando cada uno de los temas, que seguro no dejaran indiferente a nadie.<\/p>\n\n\n\n<figure class=\"wp-block-embed is-type-video is-provider-youtube wp-block-embed-youtube wp-embed-aspect-4-3 wp-has-aspect-ratio\"><div class=\"wp-block-embed__wrapper\">\n<iframe title=\"Con los Ojos de un Chiquillo\" width=\"640\" height=\"480\" src=\"https:\/\/www.youtube.com\/embed\/gmMGfBUwFPo?feature=oembed\" frameborder=\"0\" allow=\"accelerometer; autoplay; clipboard-write; encrypted-media; gyroscope; picture-in-picture\" allowfullscreen><\/iframe>\n<\/div><\/figure>\n\n\n\n<p>E.P. grabado en Las Palmas de Gran Canaria en los estudios Baraka, de la mano de Ram\u00f3n Garc\u00eda Tub\u00edo.<\/p>\n\n\n\n<p>Mezclado y masterizado en Londres en <strong>the mixingFactory<\/strong> por Santy Arribas, completando el elenco Rub\u00e9n Hern\u00e1ndez en el dise\u00f1o gr\u00e1fico.<\/p>\n\n\n\n<figure class=\"wp-block-embed is-type-video is-provider-youtube wp-block-embed-youtube wp-embed-aspect-16-9 wp-has-aspect-ratio\"><div class=\"wp-block-embed__wrapper\">\n<iframe title=\"RON VOODOO - SIETE NOTAS Y UN TAMBOR\" width=\"640\" height=\"360\" src=\"https:\/\/www.youtube.com\/embed\/zbCa-M1K1UA?feature=oembed\" frameborder=\"0\" allow=\"accelerometer; autoplay; clipboard-write; encrypted-media; gyroscope; picture-in-picture\" allowfullscreen><\/iframe>\n<\/div><\/figure>\n\n\n\n<p>RON VOODOO est\u00e1 compuesto por :<\/p>\n\n\n\n<p class=\"has-text-align-left\"><strong>Javier Gonz\u00e1lez<\/strong>, bajo y coros, <\/p>\n\n\n\n<p class=\"has-text-align-left\"><strong>Juanma Rodr\u00edguez<\/strong>, voz y coros. <\/p>\n\n\n\n<p class=\"has-text-align-left\"><strong>Yaco Rubio<\/strong>, guitarras y coros,<\/p>\n\n\n\n<p class=\"has-text-align-left\"><strong>Zack Monz\u00f3n<\/strong>, guitarras y coros, <\/p>\n\n\n\n<p class=\"has-text-align-left\"><strong>Yeray Rodr\u00edguez<\/strong>, bater\u00eda y percusi\u00f3n, <\/p>\n\n\n\n<p>Y para su primer Cd colaboran : <\/p>\n\n\n\n<p class=\"has-text-align-left\"><strong>Rafa Santana<\/strong>, pianos y \u00f3rganos <\/p>\n\n\n\n<p class=\"has-text-align-left\"><strong>Santy Arribas<\/strong>, Steel guitar y mellotr\u00f3n. <\/p>\n\n\n\n<p>Adem\u00e1s en sus directos van acompa\u00f1ados por:<\/p>\n\n\n\n<p><strong>Miguel Izquierdo<\/strong>, pianos y \u00f3rganos<\/p>\n","protected":false},"excerpt":{"rendered":"<p>Ron Voodoo nombre de la banda, que adem\u00e1s da t\u00edtulo a su primer trabajo, un primer E.P. de la banda con cinco composiciones impecables en cuanto a un sonido con sello propio y a producci\u00f3n se refiere. Algo comprensible, ya que tres de sus componentes tienen a sus espaldas un bagaje importante en el hard [&hellip;]<\/p>\n","protected":false},"author":1,"featured_media":0,"parent":0,"menu_order":0,"comment_status":"closed","ping_status":"closed","template":"","meta":[],"_links":{"self":[{"href":"https:\/\/ronvoodoo.es\/index.php?rest_route=\/wp\/v2\/pages\/2"}],"collection":[{"href":"https:\/\/ronvoodoo.es\/index.php?rest_route=\/wp\/v2\/pages"}],"about":[{"href":"https:\/\/ronvoodoo.es\/index.php?rest_route=\/wp\/v2\/types\/page"}],"author":[{"embeddable":true,"href":"https:\/\/ronvoodoo.es\/index.php?rest_route=\/wp\/v2\/users\/1"}],"replies":[{"embeddable":true,"href":"https:\/\/ronvoodoo.es\/index.php?rest_route=%2Fwp%2Fv2%2Fcomments&post=2"}],"version-history":[{"count":10,"href":"https:\/\/ronvoodoo.es\/index.php?rest_route=\/wp\/v2\/pages\/2\/revisions"}],"predecessor-version":[{"id":74,"href":"https:\/\/ronvoodoo.es\/index.php?rest_route=\/wp\/v2\/pages\/2\/revisions\/74"}],"wp:attachment":[{"href":"https:\/\/ronvoodoo.es\/index.php?rest_route=%2Fwp%2Fv2%2Fmedia&parent=2"}],"curies":[{"name":"wp","href":"https:\/\/api.w.org\/{rel}","templated":true}]}}