{"id":54,"date":"2021-02-22T12:41:21","date_gmt":"2021-02-22T12:41:21","guid":{"rendered":"https:\/\/ronvoodoo.es\/?post_type=product&#038;p=54"},"modified":"2021-02-22T13:28:38","modified_gmt":"2021-02-22T13:28:38","slug":"ron-voodoo-cd","status":"publish","type":"product","link":"https:\/\/ronvoodoo.es\/?product=ron-voodoo-cd","title":{"rendered":"Ron Voodoo EP"},"content":{"rendered":"<p><img loading=\"lazy\" class=\"alignnone size-medium wp-image-60\" src=\"https:\/\/ronvoodoo.es\/wp-content\/uploads\/2021\/02\/interior-CD-300x137.jpg\" alt=\"\" width=\"300\" height=\"137\" srcset=\"https:\/\/ronvoodoo.es\/wp-content\/uploads\/2021\/02\/interior-CD-300x137.jpg 300w, https:\/\/ronvoodoo.es\/wp-content\/uploads\/2021\/02\/interior-CD-768x351.jpg 768w, https:\/\/ronvoodoo.es\/wp-content\/uploads\/2021\/02\/interior-CD-600x274.jpg 600w, https:\/\/ronvoodoo.es\/wp-content\/uploads\/2021\/02\/interior-CD.jpg 1024w\" sizes=\"(max-width: 300px) 100vw, 300px\" \/><\/p>\n<p>Ron Voodoo, formaci\u00f3n canaria que experimenta con nuevos sonidos influenciados por las ac\u00fasticas y \u00f3rganos, m\u00e1s cercanos al g\u00e9nero americana. Anunciamos el lanzamiento de EP<\/p>\n","protected":false},"excerpt":{"rendered":"<p>Primer EP de la banda canaria de rock ac\u00fastico RON VOODOO<\/p>\n","protected":false},"featured_media":55,"comment_status":"open","ping_status":"closed","template":"","meta":[],"_links":{"self":[{"href":"https:\/\/ronvoodoo.es\/index.php?rest_route=\/wp\/v2\/product\/54"}],"collection":[{"href":"https:\/\/ronvoodoo.es\/index.php?rest_route=\/wp\/v2\/product"}],"about":[{"href":"https:\/\/ronvoodoo.es\/index.php?rest_route=\/wp\/v2\/types\/product"}],"replies":[{"embeddable":true,"href":"https:\/\/ronvoodoo.es\/index.php?rest_route=%2Fwp%2Fv2%2Fcomments&post=54"}],"wp:featuredmedia":[{"embeddable":true,"href":"https:\/\/ronvoodoo.es\/index.php?rest_route=\/wp\/v2\/media\/55"}],"wp:attachment":[{"href":"https:\/\/ronvoodoo.es\/index.php?rest_route=%2Fwp%2Fv2%2Fmedia&parent=54"}],"curies":[{"name":"wp","href":"https:\/\/api.w.org\/{rel}","templated":true}]}}